{"id":567,"date":"2024-08-07T14:13:55","date_gmt":"2024-08-07T14:13:55","guid":{"rendered":"https:\/\/wpriverthemes.com\/gymfito\/?page_id=567"},"modified":"2025-08-15T22:59:16","modified_gmt":"2025-08-15T22:59:16","slug":"neler-yapiyorum","status":"publish","type":"page","link":"https:\/\/ersintasdemir.com\/index.php\/neler-yapiyorum\/","title":{"rendered":"Neler Yap\u0131yorum?"},"content":{"rendered":"\t\t<div data-elementor-type=\"wp-page\" data-elementor-id=\"567\" class=\"elementor elementor-567\">\n\t\t\t\t<div class=\"elementor-element elementor-element-7255f4e e-con-full e-flex e-con e-parent\" data-id=\"7255f4e\" data-element_type=\"container\">\n\t\t\t\t<div class=\"elementor-element elementor-element-504d97c elementor-widget elementor-widget-services\" data-id=\"504d97c\" data-element_type=\"widget\" data-widget_type=\"services.default\">\n\t\t\t\t<div class=\"elementor-widget-container\">\n\t\t\t\t\t        <!-- Start All Services -->\r\n        <div class=\"ak-height-135 ak-height-lg-80\"><\/div>\r\n        <div class=\"container\">\r\n            <div class=\"services-all\">\r\n                                    <div class=\"services-card\" data-aos=\"fade-up\">\r\n                        <div class=\"services-body\">\r\n                            <a href=\"\" class=\"services-img-content\">\r\n                                <img decoding=\"async\" src=\"https:\/\/ersintasdemir.com\/wp-content\/uploads\/2025\/08\/WhatsApp-Image-2025-08-13-at-09.44.48-2.jpeg\" class=\"services-img ak-bg\" alt=\"...\">\r\n                                <div class=\"services-info\">\r\n                                    <img decoding=\"async\" src=\"https:\/\/wpriverthemes.com\/gymfito\/wp-content\/uploads\/2024\/08\/services_icon1.svg\" alt=\"...\">\r\n                                    <h4 class=\"services-title\">Enstr\u00fcman E\u011fitimi<\/h4>\r\n                                    <p class=\"services-text\">Gitar, piyano, bas gitar ve davul gibi farkl\u0131 enstr\u00fcmanlarda temel ve ileri seviye e\u011fitim. Teknik becerilerin yan\u0131nda sahne duru\u015fu ve m\u00fczikal ifade yetene\u011fini geli\u015ftirmeye odaklan\u0131r.<\/p>\r\n                                <\/div>\r\n                            <\/a>\r\n                        <\/div>\r\n                        <div class=\"services-number\">01<\/div>\r\n                    <\/div>\r\n                                    <div class=\"services-card\" data-aos=\"fade-up\">\r\n                        <div class=\"services-body\">\r\n                            <a href=\"\" class=\"services-img-content\">\r\n                                <img decoding=\"async\" src=\"https:\/\/ersintasdemir.com\/wp-content\/uploads\/2025\/08\/WhatsApp-Image-2025-08-13-at-09.44.47-e1755294054322.jpeg\" class=\"services-img ak-bg\" alt=\"...\">\r\n                                <div class=\"services-info\">\r\n                                    <img decoding=\"async\" src=\"https:\/\/wpriverthemes.com\/gymfito\/wp-content\/uploads\/2024\/08\/services_icon2.svg\" alt=\"...\">\r\n                                    <h4 class=\"services-title\">Vokal Ko\u00e7lu\u011fu<\/h4>\r\n                                    <p class=\"services-text\">Sesin do\u011fal tonunu ke\u015ffetmen, do\u011fru nefes teknikleriyle kontrol sa\u011flaman ve \u015fark\u0131 yorumlama kabiliyetini g\u00fc\u00e7lendirmen i\u00e7in birebir \u00e7al\u0131\u015fmalar.<\/p>\r\n                                <\/div>\r\n                            <\/a>\r\n                        <\/div>\r\n                        <div class=\"services-number\">02<\/div>\r\n                    <\/div>\r\n                                    <div class=\"services-card\" data-aos=\"fade-up\">\r\n                        <div class=\"services-body\">\r\n                            <a href=\"\" class=\"services-img-content\">\r\n                                <img decoding=\"async\" src=\"https:\/\/ersintasdemir.com\/wp-content\/uploads\/2025\/08\/WhatsApp-Image-2025-08-13-at-09.44.46-2-Kopya-e1755298663731.jpeg\" class=\"services-img ak-bg\" alt=\"...\">\r\n                                <div class=\"services-info\">\r\n                                    <img decoding=\"async\" src=\"https:\/\/wpriverthemes.com\/gymfito\/wp-content\/uploads\/2024\/08\/services_icon3.svg\" alt=\"...\">\r\n                                    <h4 class=\"services-title\">Sahne ve Performans E\u011fitimi<\/h4>\r\n                                    <p class=\"services-text\">Konser, sahne ve st\u00fcdyo ortamlar\u0131nda profesyonel performans i\u00e7in \u00f6zg\u00fcven, sahne hakimiyeti ve seyirci ileti\u015fimi \u00fczerine uygulamal\u0131 e\u011fitim.<\/p>\r\n                                <\/div>\r\n                            <\/a>\r\n                        <\/div>\r\n                        <div class=\"services-number\">03<\/div>\r\n                    <\/div>\r\n                                    <div class=\"services-card\" data-aos=\"fade-up\">\r\n                        <div class=\"services-body\">\r\n                            <a href=\"\" class=\"services-img-content\">\r\n                                <img decoding=\"async\" src=\"https:\/\/ersintasdemir.com\/wp-content\/uploads\/2025\/08\/WhatsApp-Image-2025-08-13-at-09.44.49.jpeg\" class=\"services-img ak-bg\" alt=\"...\">\r\n                                <div class=\"services-info\">\r\n                                    <img decoding=\"async\" src=\"https:\/\/wpriverthemes.com\/gymfito\/wp-content\/uploads\/2024\/08\/services_icon4.svg\" alt=\"...\">\r\n                                    <h4 class=\"services-title\">Ki\u015fisel Antrenman Program\u0131<\/h4>\r\n                                    <p class=\"services-text\">Hedeflerine ve fiziksel durumuna \u00f6zel olarak haz\u0131rlanan antrenman planlar\u0131. Performans art\u0131\u015f\u0131, kilo kontrol\u00fc ve kas geli\u015fimi i\u00e7in birebir takip.<\/p>\r\n                                <\/div>\r\n                            <\/a>\r\n                        <\/div>\r\n                        <div class=\"services-number\">04<\/div>\r\n                    <\/div>\r\n                                    <div class=\"services-card\" data-aos=\"fade-up\">\r\n                        <div class=\"services-body\">\r\n                            <a href=\"\" class=\"services-img-content\">\r\n                                <img decoding=\"async\" src=\"https:\/\/ersintasdemir.com\/wp-content\/uploads\/2025\/08\/WhatsApp-Image-2025-08-13-at-09.44.49.jpeg\" class=\"services-img ak-bg\" alt=\"...\">\r\n                                <div class=\"services-info\">\r\n                                    <img decoding=\"async\" src=\"https:\/\/wpriverthemes.com\/gymfito\/wp-content\/uploads\/2024\/08\/services_icon5.svg\" alt=\"...\">\r\n                                    <h4 class=\"services-title\">Fonksiyonel Antrenman<\/h4>\r\n                                    <p class=\"services-text\">G\u00fcnl\u00fck ya\u015fam hareketlerini g\u00fc\u00e7lendiren, dayan\u0131kl\u0131l\u0131k ve esnekli\u011fi art\u0131ran, spor sakatlanmalar\u0131n\u0131 \u00f6nleyici \u00e7al\u0131\u015fmalar.<\/p>\r\n                                <\/div>\r\n                            <\/a>\r\n                        <\/div>\r\n                        <div class=\"services-number\">05<\/div>\r\n                    <\/div>\r\n                                    <div class=\"services-card\" data-aos=\"fade-up\">\r\n                        <div class=\"services-body\">\r\n                            <a href=\"\" class=\"services-img-content\">\r\n                                <img decoding=\"async\" src=\"https:\/\/ersintasdemir.com\/wp-content\/uploads\/2025\/08\/WhatsApp-Image-2025-08-13-at-09.44.49.jpeg\" class=\"services-img ak-bg\" alt=\"...\">\r\n                                <div class=\"services-info\">\r\n                                    <img decoding=\"async\" src=\"https:\/\/wpriverthemes.com\/gymfito\/wp-content\/uploads\/2024\/08\/services_icon6.svg\" alt=\"...\">\r\n                                    <h4 class=\"services-title\">Grup Dersleri ve Motivasyon Seanslar\u0131<\/h4>\r\n                                    <p class=\"services-text\">Dinamik, e\u011flenceli ve sosyal ortamda yap\u0131lan antrenmanlar ile hem motivasyon hem de performans art\u0131\u015f\u0131 sa\u011flan\u0131r.<\/p>\r\n                                <\/div>\r\n                            <\/a>\r\n                        <\/div>\r\n                        <div class=\"services-number\">06<\/div>\r\n                    <\/div>\r\n                            <\/div>\r\n        <\/div>\r\n        <!-- End All Services -->\r\n        \t\t\t\t<\/div>\n\t\t\t\t<\/div>\n\t\t\t\t<\/div>\n\t\t\t\t<\/div>\n\t\t","protected":false},"excerpt":{"rendered":"<p>Enstr\u00fcman E\u011fitimi Gitar, piyano, bas gitar ve davul gibi farkl\u0131 enstr\u00fcmanlarda temel ve ileri seviye e\u011fitim. Teknik becerilerin yan\u0131nda sahne duru\u015fu ve m\u00fczikal ifade yetene\u011fini geli\u015ftirmeye odaklan\u0131r. 01 Vokal Ko\u00e7lu\u011fu Sesin do\u011fal tonunu ke\u015ffetmen, do\u011fru nefes teknikleriyle kontrol sa\u011flaman ve \u015fark\u0131 yorumlama kabiliyetini g\u00fc\u00e7lendirmen i\u00e7in birebir \u00e7al\u0131\u015fmalar. 02 Sahne ve Performans E\u011fitimi Konser, sahne ve [&hellip;]<\/p>\n","protected":false},"author":1,"featured_media":0,"parent":0,"menu_order":0,"comment_status":"closed","ping_status":"closed","template":"page-templates\/other-pages.php","meta":{"footnotes":""},"class_list":["post-567","page","type-page","status-publish","hentry"],"_links":{"self":[{"href":"https:\/\/ersintasdemir.com\/index.php\/wp-json\/wp\/v2\/pages\/567","targetHints":{"allow":["GET"]}}],"collection":[{"href":"https:\/\/ersintasdemir.com\/index.php\/wp-json\/wp\/v2\/pages"}],"about":[{"href":"https:\/\/ersintasdemir.com\/index.php\/wp-json\/wp\/v2\/types\/page"}],"author":[{"embeddable":true,"href":"https:\/\/ersintasdemir.com\/index.php\/wp-json\/wp\/v2\/users\/1"}],"replies":[{"embeddable":true,"href":"https:\/\/ersintasdemir.com\/index.php\/wp-json\/wp\/v2\/comments?post=567"}],"version-history":[{"count":5,"href":"https:\/\/ersintasdemir.com\/index.php\/wp-json\/wp\/v2\/pages\/567\/revisions"}],"predecessor-version":[{"id":2303,"href":"https:\/\/ersintasdemir.com\/index.php\/wp-json\/wp\/v2\/pages\/567\/revisions\/2303"}],"wp:attachment":[{"href":"https:\/\/ersintasdemir.com\/index.php\/wp-json\/wp\/v2\/media?parent=567"}],"curies":[{"name":"wp","href":"https:\/\/api.w.org\/{rel}","templated":true}]}}